{"id":5847,"date":"2026-03-24T13:21:06","date_gmt":"2026-03-24T13:21:06","guid":{"rendered":"https:\/\/vicentevilasl.com\/staging\/?page_id=5847"},"modified":"2026-03-25T06:57:20","modified_gmt":"2026-03-25T06:57:20","slug":"subvenciones","status":"publish","type":"page","link":"https:\/\/vicentevilasl.com\/staging\/it\/subvenciones\/","title":{"rendered":"Subvenciones"},"content":{"rendered":"\t\t<div data-elementor-type=\"wp-page\" data-elementor-id=\"5847\" class=\"elementor elementor-5847\" data-elementor-post-type=\"page\">\n\t\t\t\t\t\t<section class=\"elementor-section elementor-top-section elementor-element elementor-element-2e94167 elementor-section-boxed elementor-section-height-default elementor-section-height-default\" data-id=\"2e94167\" data-element_type=\"section\" data-e-type=\"section\" data-settings=\"{&quot;background_background&quot;:&quot;slideshow&quot;,&quot;background_slideshow_gallery&quot;:[{&quot;id&quot;:5896,&quot;url&quot;:&quot;https:\\\/\\\/vicentevilasl.com\\\/staging\\\/wp-content\\\/uploads\\\/2026\\\/03\\\/Frame-56-3-scaled.jpg&quot;}],&quot;background_slideshow_loop&quot;:&quot;yes&quot;,&quot;background_slideshow_slide_duration&quot;:5000,&quot;background_slideshow_slide_transition&quot;:&quot;fade&quot;,&quot;background_slideshow_transition_duration&quot;:500,&quot;background_motion_fx_devices&quot;:[&quot;desktop&quot;,&quot;tablet&quot;,&quot;mobile&quot;]}\">\n\t\t\t\t\t\t\t<div class=\"elementor-background-overlay\"><\/div>\n\t\t\t\t\t\t\t<div class=\"elementor-container elementor-column-gap-default\">\n\t\t\t\t\t<div class=\"elementor-column elementor-col-100 elementor-top-column elementor-element elementor-element-8908cd6\" data-id=\"8908cd6\" data-element_type=\"column\" data-e-type=\"column\">\n\t\t\t<div class=\"elementor-widget-wrap elementor-element-populated\">\n\t\t\t\t\t\t<div class=\"elementor-element elementor-element-a1bceca elementor-widget elementor-widget-heading\" data-id=\"a1bceca\" data-element_type=\"widget\" data-e-type=\"widget\" data-widget_type=\"heading.default\">\n\t\t\t\t<div class=\"elementor-widget-container\">\n\t\t\t\t\t<h3 class=\"elementor-heading-title elementor-size-default\">SUBVENCIONES<\/h3>\t\t\t\t<\/div>\n\t\t\t\t<\/div>\n\t\t\t\t\t<\/div>\n\t\t<\/div>\n\t\t\t\t\t<\/div>\n\t\t<\/section>\n\t\t\t\t<section class=\"elementor-section elementor-top-section elementor-element elementor-element-1215747 elementor-section-boxed elementor-section-height-default elementor-section-height-default\" data-id=\"1215747\" data-element_type=\"section\" data-e-type=\"section\" data-settings=\"{&quot;background_background&quot;:&quot;classic&quot;}\">\n\t\t\t\t\t\t<div class=\"elementor-container elementor-column-gap-no\">\n\t\t\t\t\t<div class=\"elementor-column elementor-col-100 elementor-top-column elementor-element elementor-element-68b138e\" data-id=\"68b138e\" data-element_type=\"column\" data-e-type=\"column\">\n\t\t\t<div class=\"elementor-widget-wrap elementor-element-populated\">\n\t\t\t\t\t\t<section class=\"elementor-section elementor-inner-section elementor-element elementor-element-f13e5b2 elementor-section-boxed elementor-section-height-default elementor-section-height-default\" data-id=\"f13e5b2\" data-element_type=\"section\" data-e-type=\"section\">\n\t\t\t\t\t\t<div class=\"elementor-container elementor-column-gap-no\">\n\t\t\t\t\t<div class=\"elementor-column elementor-col-100 elementor-inner-column elementor-element elementor-element-27de413\" data-id=\"27de413\" data-element_type=\"column\" data-e-type=\"column\">\n\t\t\t<div class=\"elementor-widget-wrap elementor-element-populated\">\n\t\t\t\t\t\t<div class=\"elementor-element elementor-element-5ab44e3 elementor-widget elementor-widget-heading\" data-id=\"5ab44e3\" data-element_type=\"widget\" data-e-type=\"widget\" data-widget_type=\"heading.default\">\n\t\t\t\t<div class=\"elementor-widget-container\">\n\t\t\t\t\t<h4 class=\"elementor-heading-title elementor-size-default\">Proyecto cofinanciado por IVACE \u2013 ARA EMPRESES 2025<\/h4>\t\t\t\t<\/div>\n\t\t\t\t<\/div>\n\t\t\t\t<div class=\"elementor-element elementor-element-823c185 elementor-widget elementor-widget-text-editor\" data-id=\"823c185\" data-element_type=\"widget\" data-e-type=\"widget\" data-widget_type=\"text-editor.default\">\n\t\t\t\t<div class=\"elementor-widget-container\">\n\t\t\t\t\t\t\t\t\t<p>El proyecto \u201cRecuperaci\u00f3n y reactivaci\u00f3n de empresas industriales DANA\u201d, desarrollado por VICENTE VILA, S.L.U, ha sido cofinanciado por el Instituto Valenciano de Competitividad Empresarial (IVACE) en el marco del Plan ARA EMPRESES 2025, conforme al expediente IMREIA\/2025\/150, con una subvenci\u00f3n concedida de 100.000 euros sobre un importe total de proyecto de 199.400 euros. Gracias a esta ayuda, la empresa ha podido acometer actuaciones de recuperaci\u00f3n de sus instalaciones y adquisici\u00f3n de activos materiales destinados a restablecer su capacidad productiva tras los da\u00f1os ocasionados por la DANA de octubre de 2024.<\/p>\t\t\t\t\t\t\t\t<\/div>\n\t\t\t\t<\/div>\n\t\t\t\t\t<\/div>\n\t\t<\/div>\n\t\t\t\t\t<\/div>\n\t\t<\/section>\n\t\t\t\t<div class=\"elementor-element elementor-element-923a3b3 elementor-widget elementor-widget-image\" data-id=\"923a3b3\" data-element_type=\"widget\" data-e-type=\"widget\" data-widget_type=\"image.default\">\n\t\t\t\t<div class=\"elementor-widget-container\">\n\t\t\t\t\t\t\t\t\t\t\t\t\t\t\t<img fetchpriority=\"high\" decoding=\"async\" width=\"935\" height=\"210\" src=\"https:\/\/vicentevilasl.com\/staging\/wp-content\/uploads\/2026\/03\/R.png\" class=\"attachment-full size-full wp-image-5931\" alt=\"r\" srcset=\"https:\/\/vicentevilasl.com\/staging\/wp-content\/uploads\/2026\/03\/R.png 935w, https:\/\/vicentevilasl.com\/staging\/wp-content\/uploads\/2026\/03\/R-300x67.png 300w, https:\/\/vicentevilasl.com\/staging\/wp-content\/uploads\/2026\/03\/R-768x172.png 768w, https:\/\/vicentevilasl.com\/staging\/wp-content\/uploads\/2026\/03\/R-18x4.png 18w, https:\/\/vicentevilasl.com\/staging\/wp-content\/uploads\/2026\/03\/R-600x135.png 600w\" sizes=\"(max-width: 935px) 100vw, 935px\" title=\"Subvenciones\">\t\t\t\t\t\t\t\t\t\t\t\t\t\t\t<\/div>\n\t\t\t\t<\/div>\n\t\t\t\t\t<\/div>\n\t\t<\/div>\n\t\t\t\t\t<\/div>\n\t\t<\/section>\n\t\t\t\t<\/div>\n\t\t","protected":false},"excerpt":{"rendered":"<p>SUBVENCIONES Proyecto cofinanciado por IVACE \u2013 ARA EMPRESES 2025 El proyecto \u201cRecuperaci\u00f3n y reactivaci\u00f3n de empresas industriales DANA\u201d, desarrollado por VICENTE VILA, S.L.U, ha sido cofinanciado por el Instituto Valenciano de Competitividad Empresarial (IVACE) en el marco del Plan ARA EMPRESES 2025, conforme al expediente IMREIA\/2025\/150, con una subvenci\u00f3n concedida de 100.000 euros sobre un [&hellip;]<\/p>\n","protected":false},"author":2,"featured_media":0,"parent":0,"menu_order":0,"comment_status":"closed","ping_status":"closed","template":"","meta":{"inline_featured_image":false,"_uag_custom_page_level_css":"","site-sidebar-layout":"no-sidebar","site-content-layout":"page-builder","ast-site-content-layout":"full-width-container","site-content-style":"default","site-sidebar-style":"default","ast-global-header-display":"","ast-banner-title-visibility":"disabled","ast-main-header-display":"","ast-hfb-above-header-display":"","ast-hfb-below-header-display":"","ast-hfb-mobile-header-display":"","site-post-title":"disabled","ast-breadcrumbs-content":"","ast-featured-img":"disabled","footer-sml-layout":"","ast-disable-related-posts":"","theme-transparent-header-meta":"enabled","adv-header-id-meta":"","stick-header-meta":"","header-above-stick-meta":"","header-main-stick-meta":"","header-below-stick-meta":"","astra-migrate-meta-layouts":"set","ast-page-background-enabled":"default","ast-page-background-meta":{"desktop":{"background-color":"","background-image":"","background-repeat":"repeat","background-position":"center center","background-size":"auto","background-attachment":"scroll","background-type":"","background-media":"","overlay-type":"","overlay-color":"","overlay-opacity":"","overlay-gradient":""},"tablet":{"background-color":"","background-image":"","background-repeat":"repeat","background-position":"center center","background-size":"auto","background-attachment":"scroll","background-type":"","background-media":"","overlay-type":"","overlay-color":"","overlay-opacity":"","overlay-gradient":""},"mobile":{"background-color":"","background-image":"","background-repeat":"repeat","background-position":"center center","background-size":"auto","background-attachment":"scroll","background-type":"","background-media":"","overlay-type":"","overlay-color":"","overlay-opacity":"","overlay-gradient":""}},"ast-content-background-meta":{"desktop":{"background-color":"var(--ast-global-color-5)","background-image":"","background-repeat":"repeat","background-position":"center center","background-size":"auto","background-attachment":"scroll","background-type":"","background-media":"","overlay-type":"","overlay-color":"","overlay-opacity":"","overlay-gradient":""},"tablet":{"background-color":"var(--ast-global-color-5)","background-image":"","background-repeat":"repeat","background-position":"center center","background-size":"auto","background-attachment":"scroll","background-type":"","background-media":"","overlay-type":"","overlay-color":"","overlay-opacity":"","overlay-gradient":""},"mobile":{"background-color":"var(--ast-global-color-5)","background-image":"","background-repeat":"repeat","background-position":"center center","background-size":"auto","background-attachment":"scroll","background-type":"","background-media":"","overlay-type":"","overlay-color":"","overlay-opacity":"","overlay-gradient":""}},"footnotes":""},"class_list":["post-5847","page","type-page","status-publish","hentry"],"uagb_featured_image_src":{"full":false,"thumbnail":false,"medium":false,"medium_large":false,"large":false,"1536x1536":false,"2048x2048":false,"trp-custom-language-flag":false,"woocommerce_thumbnail":false,"woocommerce_single":false,"woocommerce_gallery_thumbnail":false},"uagb_author_info":{"display_name":"Raul Vila","author_link":"https:\/\/vicentevilasl.com\/staging\/it\/author\/raul-vila\/"},"uagb_comment_info":0,"uagb_excerpt":"SUBVENCIONES Proyecto cofinanciado por IVACE \u2013 ARA EMPRESES 2025 El proyecto \u201cRecuperaci\u00f3n y reactivaci\u00f3n de empresas industriales DANA\u201d, desarrollado por VICENTE VILA, S.L.U, ha sido cofinanciado por el Instituto Valenciano de Competitividad Empresarial (IVACE) en el marco del Plan ARA EMPRESES 2025, conforme al expediente IMREIA\/2025\/150, con una subvenci\u00f3n concedida de 100.000 euros sobre un&hellip;","_links":{"self":[{"href":"https:\/\/vicentevilasl.com\/staging\/it\/wp-json\/wp\/v2\/pages\/5847","targetHints":{"allow":["GET"]}}],"collection":[{"href":"https:\/\/vicentevilasl.com\/staging\/it\/wp-json\/wp\/v2\/pages"}],"about":[{"href":"https:\/\/vicentevilasl.com\/staging\/it\/wp-json\/wp\/v2\/types\/page"}],"author":[{"embeddable":true,"href":"https:\/\/vicentevilasl.com\/staging\/it\/wp-json\/wp\/v2\/users\/2"}],"replies":[{"embeddable":true,"href":"https:\/\/vicentevilasl.com\/staging\/it\/wp-json\/wp\/v2\/comments?post=5847"}],"version-history":[{"count":79,"href":"https:\/\/vicentevilasl.com\/staging\/it\/wp-json\/wp\/v2\/pages\/5847\/revisions"}],"predecessor-version":[{"id":5940,"href":"https:\/\/vicentevilasl.com\/staging\/it\/wp-json\/wp\/v2\/pages\/5847\/revisions\/5940"}],"wp:attachment":[{"href":"https:\/\/vicentevilasl.com\/staging\/it\/wp-json\/wp\/v2\/media?parent=5847"}],"curies":[{"name":"wp","href":"https:\/\/api.w.org\/{rel}","templated":true}]}}